{"id":42,"date":"2018-01-05T13:09:18","date_gmt":"2018-01-05T12:09:18","guid":{"rendered":"http:\/\/localhost:7888\/schraubendreher\/?page_id=42"},"modified":"2018-02-05T14:13:04","modified_gmt":"2018-02-05T13:13:04","slug":"spannungspruefer","status":"publish","type":"page","link":"https:\/\/schraubendreher.net\/?page_id=42","title":{"rendered":"Spannungspr\u00fcfer"},"content":{"rendered":"<div id=\"produkte2\">\r\n\t<ul>\r\n\t\t<li class=\"productoverview two\">\r\n\t\t\t<h2><a href=\"http:\/\/schraubendreher.net\/?page_id=96\">Europr\u00fcfer VDE-GS<\/a><\/h2>\r\n\t\t\t<img loading=\"lazy\" title=\"Europr\u00fcfer VDE-GS\" src=\"http:\/\/www.schraubendreher.net\/wp-content\/themes\/schraubendreher\/assets\/images\/produkte\/europruefer_vde_gs.jpg\" alt=\"\" width=\"400\" height=\"70\" \/>\r\n\t\t\t<img loading=\"lazy\" title=\"Schlitz\" src=\"http:\/\/www.schraubendreher.net\/wp-content\/themes\/schraubendreher\/assets\/images\/icons\/Schlitz.jpg\" alt=\"\" width=\"60\" height=\"60\" \/>\r\n\t\t\tnach neuer EN-Norm 220 &#8211; 250 V<br>\r\n\t\t\t<br>\r\n\t\t\t<br>\r\n\t\t\t<br>\r\n\t\t\t<a href=\"http:\/\/www.schraubendreher.net\/index.php\/?page_id=96\" class=\"aButton\">Weiterlesen&#8230;<\/a>\r\n\t\t<\/li>\r\n\t\t<li class=\"productoverview two\">\r\n\t\t\t<h2><a href=\"http:\/\/www.schraubendreher.net\/index.php\/?page_id=98\">Spannungspr\u00fcfer<\/a><\/h2>\r\n\t\t\t<img loading=\"lazy\" title=\"Spannungspr\u00fcfer\" src=\"http:\/\/www.schraubendreher.net\/wp-content\/themes\/schraubendreher\/assets\/images\/produkte\/Spannungspruefer.jpg\" alt=\"\" width=\"400\" height=\"70\" \/>\r\n\t\t\t<img loading=\"lazy\" title=\"Schlitz\" src=\"http:\/\/www.schraubendreher.net\/wp-content\/themes\/schraubendreher\/assets\/images\/icons\/Schlitz.jpg\" alt=\"\" width=\"60\" height=\"60\" \/>\r\n\t\t\tSpannungspr\u00fcfer 220 &#8211; 250 V<br>\r\n\t\t\tmit oder ohne Metallclip,<br>\r\n\t\t\tnach VDE-Vorschrift 0680-6<br>\r\n\t\t\t<br>\r\n\t\t\t<a href=\"http:\/\/www.schraubendreher.net\/index.php\/?page_id=98\" class=\"aButton\">Weiterlesen&#8230;<\/a>\r\n\t\t<\/li>\r\n\t<\/ul>\r\n<\/div>\r\n","protected":false},"excerpt":{"rendered":"Europr\u00fcfer VDE-GS nach neuer EN-Norm 220 &#8211; 250 V Weiterlesen&#8230; Spannungspr\u00fcfer Spannungspr\u00fcfer 220 &#8211; 250 V mit oder ohne Metallclip, nach VDE-Vorschrift 0680-6 Weiterlesen&#8230;","protected":false},"author":1,"featured_media":0,"parent":19,"menu_order":3,"comment_status":"closed","ping_status":"closed","template":"","meta":[],"_links":{"self":[{"href":"https:\/\/schraubendreher.net\/index.php?rest_route=\/wp\/v2\/pages\/42"}],"collection":[{"href":"https:\/\/schraubendreher.net\/index.php?rest_route=\/wp\/v2\/pages"}],"about":[{"href":"https:\/\/schraubendreher.net\/index.php?rest_route=\/wp\/v2\/types\/page"}],"author":[{"embeddable":true,"href":"https:\/\/schraubendreher.net\/index.php?rest_route=\/wp\/v2\/users\/1"}],"replies":[{"embeddable":true,"href":"https:\/\/schraubendreher.net\/index.php?rest_route=%2Fwp%2Fv2%2Fcomments&post=42"}],"version-history":[{"count":7,"href":"https:\/\/schraubendreher.net\/index.php?rest_route=\/wp\/v2\/pages\/42\/revisions"}],"predecessor-version":[{"id":671,"href":"https:\/\/schraubendreher.net\/index.php?rest_route=\/wp\/v2\/pages\/42\/revisions\/671"}],"up":[{"embeddable":true,"href":"https:\/\/schraubendreher.net\/index.php?rest_route=\/wp\/v2\/pages\/19"}],"wp:attachment":[{"href":"https:\/\/schraubendreher.net\/index.php?rest_route=%2Fwp%2Fv2%2Fmedia&parent=42"}],"curies":[{"name":"wp","href":"https:\/\/api.w.org\/{rel}","templated":true}]}}