{"id":11,"date":"2018-01-05T12:07:25","date_gmt":"2018-01-05T11:07:25","guid":{"rendered":"http:\/\/localhost:7888\/schraubendreher\/?page_id=11"},"modified":"2018-02-27T13:59:17","modified_gmt":"2018-02-27T12:59:17","slug":"startseite","status":"publish","type":"page","link":"https:\/\/schraubendreher.net\/","title":{"rendered":"\u00dcber FCW-Qualit\u00e4tswerkzeuge"},"content":{"rendered":"Unsere Firma wurde 1990 zur Herstellung von Steckschl\u00fcsseln gegr\u00fcndet. Im Jahr 2007 wurde sie um eine Spritzerei erweitert mit dem Ziel, Schraubendrehergriffe herzustellen.\r\n\r\nDer Erfolg basiert auf der Qualit\u00e4t, der ausgereiften Ergonomie und einer hohen Anforderung an Produktsicherheit, sowie der Garantie einer 100%-igen Herstellung in Deutschland.\r\n\r\nBei uns erhalten Sie Qualit\u00e4ts-Schraubendreher und Steckschl\u00fcssel.\r\n\r\n<img loading=\"lazy\" class=\"aligncenter\" src=\"http:\/\/www.schraubendreher.net\/wp-content\/themes\/schraubendreher\/assets\/images\/qualitaet.png\" alt=\"\" width=\"300\" height=\"121\" style=\"margin: 0 30px 0 0;\" \/>\r\n\r\n<img loading=\"lazy\" class=\"alignnone aligncenter size-medium wp-image-752\" src=\"http:\/\/schraubendreher.net\/wp-content\/uploads\/2018\/02\/fcw_produkte-300x242.png\" alt=\"\" width=\"300\" height=\"242\" id=\"fcw-produkte-all\" srcset=\"https:\/\/schraubendreher.net\/wp-content\/uploads\/2018\/02\/fcw_produkte-300x242.png 300w, https:\/\/schraubendreher.net\/wp-content\/uploads\/2018\/02\/fcw_produkte-768x618.png 768w, https:\/\/schraubendreher.net\/wp-content\/uploads\/2018\/02\/fcw_produkte.png 800w\" sizes=\"(max-width: 300px) 100vw, 300px\" \/>\r\n\r\n","protected":false},"excerpt":{"rendered":"Unsere Firma wurde 1990 zur Herstellung von Steckschl\u00fcsseln gegr\u00fcndet. Im Jahr 2007 wurde sie um eine Spritzerei erweitert mit dem Ziel, Schraubendrehergriffe herzustellen. Der Erfolg basiert auf der Qualit\u00e4t, der ausgereiften Ergonomie und einer hohen Anforderung an Produktsicherheit, sowie der Garantie einer 100%-igen Herstellung in Deutschland. Bei uns erhalten Sie Qualit\u00e4ts-Schraubendreher und Steckschl\u00fcssel.","protected":false},"author":1,"featured_media":0,"parent":0,"menu_order":0,"comment_status":"closed","ping_status":"closed","template":"","meta":[],"_links":{"self":[{"href":"https:\/\/schraubendreher.net\/index.php?rest_route=\/wp\/v2\/pages\/11"}],"collection":[{"href":"https:\/\/schraubendreher.net\/index.php?rest_route=\/wp\/v2\/pages"}],"about":[{"href":"https:\/\/schraubendreher.net\/index.php?rest_route=\/wp\/v2\/types\/page"}],"author":[{"embeddable":true,"href":"https:\/\/schraubendreher.net\/index.php?rest_route=\/wp\/v2\/users\/1"}],"replies":[{"embeddable":true,"href":"https:\/\/schraubendreher.net\/index.php?rest_route=%2Fwp%2Fv2%2Fcomments&post=11"}],"version-history":[{"count":12,"href":"https:\/\/schraubendreher.net\/index.php?rest_route=\/wp\/v2\/pages\/11\/revisions"}],"predecessor-version":[{"id":813,"href":"https:\/\/schraubendreher.net\/index.php?rest_route=\/wp\/v2\/pages\/11\/revisions\/813"}],"wp:attachment":[{"href":"https:\/\/schraubendreher.net\/index.php?rest_route=%2Fwp%2Fv2%2Fmedia&parent=11"}],"curies":[{"name":"wp","href":"https:\/\/api.w.org\/{rel}","templated":true}]}}